{"id":5218,"date":"2023-12-26T10:22:27","date_gmt":"2023-12-26T09:22:27","guid":{"rendered":"https:\/\/besamemuchotenerife.com\/blog\/"},"modified":"2024-03-18T18:45:19","modified_gmt":"2024-03-18T17:45:19","slug":"blog","status":"publish","type":"page","link":"https:\/\/besamemuchotenerife.com\/en\/blog\/","title":{"rendered":"Blog"},"content":{"rendered":"\t\t<div data-elementor-type=\"wp-page\" data-elementor-id=\"5218\" class=\"elementor elementor-5218 elementor-4651\" data-elementor-post-type=\"page\">\n\t\t\t\t\t\t<section class=\"elementor-section elementor-top-section elementor-element elementor-element-6abed188 elementor-section-boxed elementor-section-height-default elementor-section-height-default\" data-id=\"6abed188\" data-element_type=\"section\" data-e-type=\"section\">\n\t\t\t\t\t\t<div class=\"elementor-container elementor-column-gap-extended\">\n\t\t\t\t\t<div class=\"elementor-column elementor-col-100 elementor-top-column elementor-element elementor-element-1482110d\" data-id=\"1482110d\" data-element_type=\"column\" data-e-type=\"column\">\n\t\t\t<div class=\"elementor-widget-wrap elementor-element-populated\">\n\t\t\t\t\t\t<div class=\"elementor-element elementor-element-61a4113 elementor-widget elementor-widget-ld_blog\" data-id=\"61a4113\" data-element_type=\"widget\" data-e-type=\"widget\" data-widget_type=\"ld_blog.default\">\n\t\t\t\t<div class=\"elementor-widget-container\">\n\t\t\t\t\t<div class=\"lqd-lp-grid 61a4113 blog-id-102383891 \"><div class=\"lqd-lp-row row pos-rel d-flex flex-wrap\" ><\/div><!--\/ .row --><\/div><!--\/ .lqd-lp-grid -->\t\t\t\t<\/div>\n\t\t\t\t<\/div>\n\t\t\t\t\t<\/div>\n\t\t<\/div>\n\t\t\t\t\t<\/div>\n\t\t<\/section>\n\t\t\t\t<\/div>\n\t\t","protected":false},"excerpt":{"rendered":"<p>Tags Noticias B\u00e9same Mucho, mejor restaurante de cocina espa\u00f1ola de Canarias. Comunicaci\u00f3n 13 de marzo de 2024 Tags Noticias B\u00e9same Mucho, recomendado en la Gu\u00eda Repsol Comunicaci\u00f3n 5 de marzo de 2024 Tags Prensa &#8216;El mejor arroz de Canarias&#8217; Comunicaci\u00f3n 25 de febrero de 2024 Tags Prensa Nuestros restaurantes favoritos con vistas al mar Comunicaci\u00f3n [&hellip;]<\/p>\n","protected":false},"author":3,"featured_media":0,"parent":0,"menu_order":0,"comment_status":"closed","ping_status":"closed","template":"","meta":{"footnotes":""},"class_list":["post-5218","page","type-page","status-publish","hentry"],"yoast_head":"<!-- This site is optimized with the Yoast SEO plugin v27.3 - https:\/\/yoast.com\/product\/yoast-seo-wordpress\/ -->\n<title>Blog - B\u00e9same Mucho<\/title>\n<meta name=\"robots\" content=\"index, follow, max-snippet:-1, max-image-preview:large, max-video-preview:-1\" \/>\n<link rel=\"canonical\" href=\"https:\/\/besamemuchotenerife.com\/blog\/\" \/>\n<meta property=\"og:locale\" content=\"en_US\" \/>\n<meta property=\"og:type\" content=\"article\" \/>\n<meta property=\"og:title\" content=\"Blog - B\u00e9same Mucho\" \/>\n<meta property=\"og:description\" content=\"Tags Noticias B\u00e9same Mucho, mejor restaurante de cocina espa\u00f1ola de Canarias. Comunicaci\u00f3n 13 de marzo de 2024 Tags Noticias B\u00e9same Mucho, recomendado en la Gu\u00eda Repsol Comunicaci\u00f3n 5 de marzo de 2024 Tags Prensa &#8216;El mejor arroz de Canarias&#8217; Comunicaci\u00f3n 25 de febrero de 2024 Tags Prensa Nuestros restaurantes favoritos con vistas al mar Comunicaci\u00f3n [&hellip;]\" \/>\n<meta property=\"og:url\" content=\"https:\/\/besamemuchotenerife.com\/blog\/\" \/>\n<meta property=\"og:site_name\" content=\"B\u00e9same Mucho\" \/>\n<meta property=\"article:modified_time\" content=\"2024-03-18T17:45:19+00:00\" \/>\n<meta name=\"twitter:card\" content=\"summary_large_image\" \/>\n<script type=\"application\/ld+json\" class=\"yoast-schema-graph\">{\"@context\":\"https:\\\/\\\/schema.org\",\"@graph\":[{\"@type\":\"WebPage\",\"@id\":\"https:\\\/\\\/besamemuchotenerife.com\\\/blog\\\/\",\"url\":\"https:\\\/\\\/besamemuchotenerife.com\\\/blog\\\/\",\"name\":\"Blog - B\u00e9same Mucho\",\"isPartOf\":{\"@id\":\"https:\\\/\\\/besamemuchotenerife.com\\\/#website\"},\"datePublished\":\"2023-12-26T09:22:27+00:00\",\"dateModified\":\"2024-03-18T17:45:19+00:00\",\"breadcrumb\":{\"@id\":\"https:\\\/\\\/besamemuchotenerife.com\\\/blog\\\/#breadcrumb\"},\"inLanguage\":\"en-US\",\"potentialAction\":[{\"@type\":\"ReadAction\",\"target\":[\"https:\\\/\\\/besamemuchotenerife.com\\\/blog\\\/\"]}]},{\"@type\":\"BreadcrumbList\",\"@id\":\"https:\\\/\\\/besamemuchotenerife.com\\\/blog\\\/#breadcrumb\",\"itemListElement\":[{\"@type\":\"ListItem\",\"position\":1,\"name\":\"Portada\",\"item\":\"https:\\\/\\\/besamemuchotenerife.com\\\/en\\\/home-2\\\/\"},{\"@type\":\"ListItem\",\"position\":2,\"name\":\"Blog\"}]},{\"@type\":\"WebSite\",\"@id\":\"https:\\\/\\\/besamemuchotenerife.com\\\/#website\",\"url\":\"https:\\\/\\\/besamemuchotenerife.com\\\/\",\"name\":\"B\u00e9same Mucho\",\"description\":\"Monkey Beach Club\",\"potentialAction\":[{\"@type\":\"SearchAction\",\"target\":{\"@type\":\"EntryPoint\",\"urlTemplate\":\"https:\\\/\\\/besamemuchotenerife.com\\\/?s={search_term_string}\"},\"query-input\":{\"@type\":\"PropertyValueSpecification\",\"valueRequired\":true,\"valueName\":\"search_term_string\"}}],\"inLanguage\":\"en-US\"}]}<\/script>\n<!-- \/ Yoast SEO plugin. -->","yoast_head_json":{"title":"Blog - B\u00e9same Mucho","robots":{"index":"index","follow":"follow","max-snippet":"max-snippet:-1","max-image-preview":"max-image-preview:large","max-video-preview":"max-video-preview:-1"},"canonical":"https:\/\/besamemuchotenerife.com\/blog\/","og_locale":"en_US","og_type":"article","og_title":"Blog - B\u00e9same Mucho","og_description":"Tags Noticias B\u00e9same Mucho, mejor restaurante de cocina espa\u00f1ola de Canarias. Comunicaci\u00f3n 13 de marzo de 2024 Tags Noticias B\u00e9same Mucho, recomendado en la Gu\u00eda Repsol Comunicaci\u00f3n 5 de marzo de 2024 Tags Prensa &#8216;El mejor arroz de Canarias&#8217; Comunicaci\u00f3n 25 de febrero de 2024 Tags Prensa Nuestros restaurantes favoritos con vistas al mar Comunicaci\u00f3n [&hellip;]","og_url":"https:\/\/besamemuchotenerife.com\/blog\/","og_site_name":"B\u00e9same Mucho","article_modified_time":"2024-03-18T17:45:19+00:00","twitter_card":"summary_large_image","schema":{"@context":"https:\/\/schema.org","@graph":[{"@type":"WebPage","@id":"https:\/\/besamemuchotenerife.com\/blog\/","url":"https:\/\/besamemuchotenerife.com\/blog\/","name":"Blog - B\u00e9same Mucho","isPartOf":{"@id":"https:\/\/besamemuchotenerife.com\/#website"},"datePublished":"2023-12-26T09:22:27+00:00","dateModified":"2024-03-18T17:45:19+00:00","breadcrumb":{"@id":"https:\/\/besamemuchotenerife.com\/blog\/#breadcrumb"},"inLanguage":"en-US","potentialAction":[{"@type":"ReadAction","target":["https:\/\/besamemuchotenerife.com\/blog\/"]}]},{"@type":"BreadcrumbList","@id":"https:\/\/besamemuchotenerife.com\/blog\/#breadcrumb","itemListElement":[{"@type":"ListItem","position":1,"name":"Portada","item":"https:\/\/besamemuchotenerife.com\/en\/home-2\/"},{"@type":"ListItem","position":2,"name":"Blog"}]},{"@type":"WebSite","@id":"https:\/\/besamemuchotenerife.com\/#website","url":"https:\/\/besamemuchotenerife.com\/","name":"B\u00e9same Mucho","description":"Monkey Beach Club","potentialAction":[{"@type":"SearchAction","target":{"@type":"EntryPoint","urlTemplate":"https:\/\/besamemuchotenerife.com\/?s={search_term_string}"},"query-input":{"@type":"PropertyValueSpecification","valueRequired":true,"valueName":"search_term_string"}}],"inLanguage":"en-US"}]}},"_links":{"self":[{"href":"https:\/\/besamemuchotenerife.com\/en\/wp-json\/wp\/v2\/pages\/5218","targetHints":{"allow":["GET"]}}],"collection":[{"href":"https:\/\/besamemuchotenerife.com\/en\/wp-json\/wp\/v2\/pages"}],"about":[{"href":"https:\/\/besamemuchotenerife.com\/en\/wp-json\/wp\/v2\/types\/page"}],"author":[{"embeddable":true,"href":"https:\/\/besamemuchotenerife.com\/en\/wp-json\/wp\/v2\/users\/3"}],"replies":[{"embeddable":true,"href":"https:\/\/besamemuchotenerife.com\/en\/wp-json\/wp\/v2\/comments?post=5218"}],"version-history":[{"count":3,"href":"https:\/\/besamemuchotenerife.com\/en\/wp-json\/wp\/v2\/pages\/5218\/revisions"}],"predecessor-version":[{"id":5221,"href":"https:\/\/besamemuchotenerife.com\/en\/wp-json\/wp\/v2\/pages\/5218\/revisions\/5221"}],"wp:attachment":[{"href":"https:\/\/besamemuchotenerife.com\/en\/wp-json\/wp\/v2\/media?parent=5218"}],"curies":[{"name":"wp","href":"https:\/\/api.w.org\/{rel}","templated":true}]}}